{"id":175,"date":"2018-05-16T19:17:10","date_gmt":"2018-05-16T18:17:10","guid":{"rendered":"https:\/\/pedrarolada.com\/?page_id=175"},"modified":"2018-05-18T15:11:06","modified_gmt":"2018-05-18T14:11:06","slug":"mapa-de-acabamentos","status":"publish","type":"page","link":"https:\/\/pedrarolada.com\/index.php\/apartamentos\/mapa-de-acabamentos\/","title":{"rendered":"Mapa de Acabamentos"},"content":{"rendered":"<h1><strong>OS PORMENORES FAZEM<\/strong><br \/>\n<strong>MAIS DO QUE A DIFEREN\u00c7A.<\/strong><br \/>\n<strong>FAZEM UMA CASA COM VISTA SOBRE A BA\u00cdA.<\/strong><\/h1>\n<p>Com as mais modernas solu\u00e7\u00f5es t\u00e9cnicas, todos os materiais e<br \/>\nacabamentos foram cuidadosamente selecionados para tornar<br \/>\ncada espa\u00e7o especial. E com todo o respeito pelo ambiente.<\/p>\n<p>Apartamentos com excelentes acabamentos e equipamentos de<br \/>\nqualidade. Respire a luz natural com que a natureza abenc\u0327oou a<br \/>\ncidade do Mindelo e deixe-se contagiar por um cena\u0301rio<br \/>\nabsolutamente encantador. Afinal de contas, quando o ce\u0301u e\u0301 o<br \/>\nlimite e a ba\u00eda e\u0301 o horizonte, sabemos que o seu corac\u0327a\u0303o tem tudo<br \/>\npara se sentir em casa.<\/p>\n<p>&nbsp;<\/p>\n<p><strong>HALL E SALA<\/strong><a href=\"https:\/\/pedrarolada.com\/wp-content\/uploads\/2018\/05\/sala.jpg\" data-rel=\"lightbox-image-0\" data-rl_title=\"\" data-rl_caption=\"\" title=\"\"><img loading=\"lazy\" decoding=\"async\" class=\"alignnone size-full wp-image-190\" src=\"https:\/\/pedrarolada.com\/wp-content\/uploads\/2018\/05\/sala.jpg\" alt=\"\" width=\"640\" height=\"480\" srcset=\"https:\/\/pedrarolada.com\/wp-content\/uploads\/2018\/05\/sala.jpg 640w, https:\/\/pedrarolada.com\/wp-content\/uploads\/2018\/05\/sala-300x225.jpg 300w\" sizes=\"(max-width: 640px) 100vw, 640px\" \/><\/a><\/p>\n<p>PAVIMENTOS:<br \/>\n<span style=\"font-size: 1rem;\">Mosaico cer\u00e2mico, cinza claro.<\/span><\/p>\n<p>RODAP\u00c9S:<br \/>\nMadeira de carvalho.<\/p>\n<p>PAREDES:<br \/>\nEstuque com pintura a tinta pl\u00e1stica.<\/p>\n<p>TECTOS:<br \/>\nEstuque e tecto falso em gesso cartonado com pintura a tinta pl\u00e1stica.<\/p>\n<p>PORTAS DE ENTRADA:<br \/>\nPorta blindada com fechadura de seguran\u00e7a.<\/p>\n<p>PORTAS INTERIORES:<br \/>\nBlocos de portas em madeira de carvalho com pain\u00e9is em vidro.<br \/>\nFerragens com acabamento cromado fosco.<\/p>\n<hr \/>\n<p><strong>COZINHA E TRATAMENTO DE ROUPAS<br \/>\n<img loading=\"lazy\" decoding=\"async\" class=\"alignleft wp-image-193 size-full\" src=\"https:\/\/pedrarolada.com\/wp-content\/uploads\/2018\/05\/coz2.jpg\" alt=\"\" width=\"640\" height=\"480\" srcset=\"https:\/\/pedrarolada.com\/wp-content\/uploads\/2018\/05\/coz2.jpg 640w, https:\/\/pedrarolada.com\/wp-content\/uploads\/2018\/05\/coz2-300x225.jpg 300w\" sizes=\"(max-width: 640px) 100vw, 640px\" \/><\/strong><\/p>\n<p><img loading=\"lazy\" decoding=\"async\" class=\"alignnone size-full wp-image-194\" src=\"https:\/\/pedrarolada.com\/wp-content\/uploads\/2018\/05\/coz1.jpg\" alt=\"\" width=\"640\" height=\"480\" srcset=\"https:\/\/pedrarolada.com\/wp-content\/uploads\/2018\/05\/coz1.jpg 640w, https:\/\/pedrarolada.com\/wp-content\/uploads\/2018\/05\/coz1-300x225.jpg 300w\" sizes=\"(max-width: 640px) 100vw, 640px\" \/><\/p>\n<p><span style=\"font-size: 1rem;\"> PAVIMENTOS:<br \/>\n<\/span><span style=\"font-size: 1rem;\">Mosaico cer\u00e2mico, cinza.<\/span><\/p>\n<p>RODAP\u00c9S:<br \/>\n<span style=\"font-size: 1rem;\">Mosaico cer\u00e2mico, cinza.<\/span><\/p>\n<p>PAREDES:<br \/>\nAzulejos e estuque com aditivo anti-fungos e pintura a tinta pl\u00e1stica.<\/p>\n<p>TECTOS:<br \/>\nEstuque com aditivo anti-fungos e tecto falso em gesso cartonado com pintura a tinta pl\u00e1stica.<\/p>\n<p>M\u00d3VEIS:<br \/>\nModelados em derivado de madeira, acabamento lacado branco, com puxadores em inox, lava-loi\u00e7a em inox, com bancada em granito cinza polido, equipada com frigor\u00edfico combinado, placa, forno, exaustor, esquentador, m\u00e1quina de lavar lou\u00e7a e m\u00e1quina de lavar roupa.<br \/>\nSistema de detec\u00e7\u00e3o de fumos e gases.<br \/>\nSistema water-stop.<\/p>\n<p>TORNEIRAS:<br \/>\nCromadas, com misturadora monocomando para bancada com chuveiro.<\/p>\n<hr \/>\n<p><strong>QUARTOS E CORREDORES<\/strong><img loading=\"lazy\" decoding=\"async\" class=\"alignnone size-full wp-image-192\" src=\"https:\/\/pedrarolada.com\/wp-content\/uploads\/2018\/05\/quarto.jpg\" alt=\"\" width=\"640\" height=\"480\" srcset=\"https:\/\/pedrarolada.com\/wp-content\/uploads\/2018\/05\/quarto.jpg 640w, https:\/\/pedrarolada.com\/wp-content\/uploads\/2018\/05\/quarto-300x225.jpg 300w\" sizes=\"(max-width: 640px) 100vw, 640px\" \/><\/p>\n<p>PAVIMENTOS:<br \/>\n<span style=\"font-size: 1rem;\">Pavimento flutuante em madeira de carvalho.<\/span><\/p>\n<p>RODAP\u00c9S:<br \/>\nMadeira de carvalho.<\/p>\n<p>PAREDES:<br \/>\nEstuque com pintura a tinta pl\u00e1stica.<\/p>\n<p>TECTOS:<br \/>\nEstuque e tecto falso em gesso cartonado com pintura a tinta pl\u00e1stica.<\/p>\n<p>PORTAS INTERIORES:<br \/>\nBlocos de portas em madeira de carvalho com pain\u00e9is em vidro.<br \/>\nFerragens com acabamento cromado fosco.<\/p>\n<p>ROUPEIROS:<br \/>\nM\u00f3dulos de gavetas, prateleiras e maleiro superior em madeira de carvalho.<br \/>\nVar\u00e3o para cabides.<\/p>\n<hr \/>\n<p><a href=\"https:\/\/pedrarolada.com\/wp-content\/uploads\/2018\/05\/is.jpg\" data-rel=\"lightbox-image-1\" data-rl_title=\"\" data-rl_caption=\"\" title=\"\"><strong>INSTALA\u00c7\u00d5ES SANIT\u00c1RIAS<\/strong><img loading=\"lazy\" decoding=\"async\" class=\"alignnone size-full wp-image-191\" src=\"https:\/\/pedrarolada.com\/wp-content\/uploads\/2018\/05\/is.jpg\" alt=\"\" width=\"640\" height=\"480\" srcset=\"https:\/\/pedrarolada.com\/wp-content\/uploads\/2018\/05\/is.jpg 640w, https:\/\/pedrarolada.com\/wp-content\/uploads\/2018\/05\/is-300x225.jpg 300w\" sizes=\"(max-width: 640px) 100vw, 640px\" \/><br \/>\n<\/a><\/p>\n<p><span style=\"font-size: 1rem;\">PAVIMENTOS:<br \/>\n<\/span><span style=\"font-size: 1rem;\">Mosaico cer\u00e2mico vidrado, cinza.<\/span><\/p>\n<p>PAREDES:<br \/>\nAzulejos e estuque com aditivo anti-fungos e pintura a tinta pl\u00e1stica.<\/p>\n<p>TECTOS:<br \/>\nEstuque com aditivo anti-fungos e tecto falso em gesso cartonado com pintura a tinta pl\u00e1stica.<\/p>\n<p>LOU\u00c7AS SANIT\u00c1RIAS:<br \/>\nPorcelana branca, com excep\u00e7\u00e3o da banheira em fibra esmaltada branca.<br \/>\nTampo de lavat\u00f3rio e laterais de banheira em pedra moleanos.<br \/>\nArm\u00e1rio bob lavat\u00f3rio em madeira de carvalho.<\/p>\n<p>TORNEIRAS:<br \/>\nCromadas, com misturadora monocomando.<\/p>\n<p>&nbsp;<\/p>\n","protected":false},"excerpt":{"rendered":"<p>OS PORMENORES FAZEM MAIS DO QUE A DIFEREN\u00c7A. FAZEM UMA CASA COM VISTA SOBRE A BA\u00cdA. Com as mais modernas solu\u00e7\u00f5es t\u00e9cnicas, todos os materiais e acabamentos foram cuidadosamente selecionados para tornar cada espa\u00e7o especial. E com todo o respeito pelo ambiente. Apartamentos com excelentes acabamentos e equipamentos de qualidade. Respire a luz natural com &hellip; <\/p>\n<p class=\"link-more\"><a href=\"https:\/\/pedrarolada.com\/index.php\/apartamentos\/mapa-de-acabamentos\/\" class=\"more-link\">Continuar a ler <span class=\"screen-reader-text\">&#8220;Mapa de Acabamentos&#8221;<\/span><\/a><\/p>\n","protected":false},"author":1,"featured_media":0,"parent":56,"menu_order":0,"comment_status":"closed","ping_status":"closed","template":"","meta":{"footnotes":""},"class_list":["post-175","page","type-page","status-publish","hentry"],"_links":{"self":[{"href":"https:\/\/pedrarolada.com\/index.php\/wp-json\/wp\/v2\/pages\/175"}],"collection":[{"href":"https:\/\/pedrarolada.com\/index.php\/wp-json\/wp\/v2\/pages"}],"about":[{"href":"https:\/\/pedrarolada.com\/index.php\/wp-json\/wp\/v2\/types\/page"}],"author":[{"embeddable":true,"href":"https:\/\/pedrarolada.com\/index.php\/wp-json\/wp\/v2\/users\/1"}],"replies":[{"embeddable":true,"href":"https:\/\/pedrarolada.com\/index.php\/wp-json\/wp\/v2\/comments?post=175"}],"version-history":[{"count":16,"href":"https:\/\/pedrarolada.com\/index.php\/wp-json\/wp\/v2\/pages\/175\/revisions"}],"predecessor-version":[{"id":261,"href":"https:\/\/pedrarolada.com\/index.php\/wp-json\/wp\/v2\/pages\/175\/revisions\/261"}],"up":[{"embeddable":true,"href":"https:\/\/pedrarolada.com\/index.php\/wp-json\/wp\/v2\/pages\/56"}],"wp:attachment":[{"href":"https:\/\/pedrarolada.com\/index.php\/wp-json\/wp\/v2\/media?parent=175"}],"curies":[{"name":"wp","href":"https:\/\/api.w.org\/{rel}","templated":true}]}}