{"id":284,"date":"2018-05-21T17:40:07","date_gmt":"2018-05-21T16:40:07","guid":{"rendered":"https:\/\/pedrarolada.com\/?page_id=284"},"modified":"2018-05-21T17:40:07","modified_gmt":"2018-05-21T16:40:07","slug":"termos-e-condicoes","status":"publish","type":"page","link":"https:\/\/pedrarolada.com\/index.php\/termos-e-condicoes\/","title":{"rendered":"TERMOS E CONDI\u00c7\u00d5ES"},"content":{"rendered":"<p>Os conte\u00fados aqui dispon\u00edveis constituem informa\u00e7\u00f5es de car\u00e1cter geral ou opini\u00f5es individuais ou da empresa, n\u00e3o configurando a presta\u00e7\u00e3o oficial de qualquer servi\u00e7o. O Empreendimento Pedra Rolada exclui a sua responsabilidade por quaisquer danos que poder\u00e3o ocorrer relacionados com a informa\u00e7\u00e3o contida neste site que tem car\u00e1cter meramente informativo.<\/p>\n<p>O Empreendimento Pedra Rolada autoriza o descarregamento e armazenamento tempor\u00e1rio dos conte\u00fados deste site para efeitos de visionamento do mesmo num computador pessoal. A reprodu\u00e7\u00e3o, armazenamento permanente ou retransmiss\u00e3o dos conte\u00fados deste site s\u00e3o expressamente proibidos sem a autoriza\u00e7\u00e3o pr\u00e9via e por escrito do Empreendimento Pedra Rolada. Todos os conte\u00fados do site (nomeadamente textos, imagens, documentos em pdf) e respectivos direitos s\u00e3o da titularidade exclusiva do Empreendimento Pedra Rolada.<\/p>\n<h4>A nossa pol\u00edtica de cookies<\/h4>\n<p>O Empreendimento Pedra Rolada est\u00e1 empenhado em garantir que sua privacidade esteja protegida e que cumpre com as suas obriga\u00e7\u00f5es ao abrigo da Lei de Protec\u00e7\u00e3o de Dados. A Nossa Pol\u00edtica de Privacidade e Cookies explica como ir\u00e1 tratar qualquer informa\u00e7\u00e3o pessoal que nos fornecer quando usar este site. Tamb\u00e9m descreve como usamos cookies de internet e de algumas das medidas de seguran\u00e7a que tomamos para proteger a sua privacidade, bem como dar certas garantias sobre coisas que n\u00e3o ir\u00e1 fazer.<\/p>\n<h4>Cookies<\/h4>\n<p>N\u00f3s usamos cookies neste site. Um cookie \u00e9 um pequeno arquivo de texto que identifica o seu computador no nosso servidor. Os cookies em si n\u00e3o identificam o usu\u00e1rio individual, apenas o computador utilizado. Os cookies n\u00e3o s\u00e3o usados para recolher informa\u00e7\u00f5es pessoais. O utilizador tem, a qualquer momento, a possibilidade de configurar o seu computador para aceitar todos os cookies, para notific\u00e1-lo quando um cookie \u00e9 emitido ou para n\u00e3o receber quaisquer cookies. A forma como faz isso depende do navegador (web browser) que utiliza. Por favor, consulte a fun\u00e7\u00e3o &#8220;Ajuda&#8221; do seu navegador. Se aceitar cookies, eles podem permanecer no seu computador por muitos anos, a menos que os elimine. Por favor, note que desligar cookies pode limitar o uso de sites em geral. Aqui est\u00e1 uma lista dos cookies principais que utilizamos, e qual a sua fun\u00e7\u00e3o.<\/p>\n<h4>Os cookies que utilizamos<\/h4>\n<ul>\n<li>PHPSESSID Este cookie \u00e9 essencial e permite a nosso site responder a qualquer ac\u00e7\u00e3o que executa no site, tal como completar um formul\u00e1rio de inqu\u00e9rito. O site n\u00e3o funciona corretamente se este cookie n\u00e3o for usado.<\/li>\n<li>xms_user Este cookie \u00e9 usado por utilizadores de backoffice. O site funciona corretamente se este cookie n\u00e3o for usado.<\/li>\n<li>__utma, __utmb, __utmc, __utmz Cookies come\u00e7ando por &#8220;__utm&#8221; permitem a fun\u00e7\u00e3o do software de an\u00e1lise (analytics). Este software ajuda a analisar os nossos visitantes do site e fornecer informa\u00e7\u00f5es an\u00f3nimas, como navegadores utilizados, visitantes de retorno e de resposta \u00e0s atividades de marketing. Esta informa\u00e7\u00e3o ajuda-nos a melhorar o site e sua experi\u00eancia on-line.<\/li>\n<li>__atuvc O cookie _atuvc \u00e9 criado e lido pelo JavaScript do site que permite a partilha de conte\u00fados em redes sociais &#8220;AddThis&#8221;<\/li>\n<li>GOOGLE MAPS SID, SAPISID, APISID, SSID, HSID, NID, PREF &#8211; cookies usados pelo google para guardar as defini\u00e7\u00f5es usadas na cria\u00e7\u00e3o de google maps.<\/li>\n<\/ul>\n<h4>Controlo de cookies<\/h4>\n<p>Os navegadores da Web permitem exercer algum controle de cookies atrav\u00e9s das configura\u00e7\u00f5es do navegador. A maioria dos navegadores permitem bloquear cookies ou bloquear cookies de sites espec\u00edficos. Os Navegadores tamb\u00e9m podem ajud\u00e1-lo a apagar os cookies quando fecha o navegador. Deve observar no entanto, que isso pode significar que quaisquer opt-outs ou prefer\u00eancias definidas no site ser\u00e3o perdidos. Para saber mais sobre os cookies, incluindo a forma de ver como os cookies foram criados e como gerenciar e exclu\u00ed-los, visite\u00a0<a href=\"http:\/\/www.allaboutcookies.org\/\" target=\"_blank\" rel=\"noopener\">www.allaboutcookies.org<\/a>\u00a0que inclui informa\u00e7\u00f5es sobre como gerir as suas configura\u00e7\u00f5es para os v\u00e1rios fornecedores de navegadores.<\/p>\n<h4>Google Analytics navegador opt-out<\/h4>\n<p>Para fornecer aos visitantes mais escolha sobre como os seus dados s\u00e3o recolhidos pelo Google Analytics, o Google desenvolveu o Google Analytics Navegador Opt-out Add-on. O add-on comunica com o JavaScript do Google Analytics (ga.js) para indicar que as informa\u00e7\u00f5es sobre a visita do site n\u00e3o devem ser enviados para o Google Analytics. O Google Analytics Navegador Opt-out extra n\u00e3o impede que as informa\u00e7\u00f5es sejam enviadas para o site em si ou para outros servi\u00e7os da web analytics.<\/p>\n<h4>Aceita\u00e7\u00e3o destes termos<\/h4>\n<p>Ao utilizar este site, concorda com a recolha e uso das suas informa\u00e7\u00f5es tal como estabelecido na presente pol\u00edtica de cookies e pol\u00edtica de privacidade. Se alterarmos a nossa privacidade ou pol\u00edtica de cookies de qualquer forma, essas altera\u00e7\u00f5es ser\u00e3o publicadas neste site.<\/p>\n","protected":false},"excerpt":{"rendered":"<p>Os conte\u00fados aqui dispon\u00edveis constituem informa\u00e7\u00f5es de car\u00e1cter geral ou opini\u00f5es individuais ou da empresa, n\u00e3o configurando a presta\u00e7\u00e3o oficial de qualquer servi\u00e7o. O Empreendimento Pedra Rolada exclui a sua responsabilidade por quaisquer danos que poder\u00e3o ocorrer relacionados com a informa\u00e7\u00e3o contida neste site que tem car\u00e1cter meramente informativo. O Empreendimento Pedra Rolada autoriza o &hellip; <\/p>\n<p class=\"link-more\"><a href=\"https:\/\/pedrarolada.com\/index.php\/termos-e-condicoes\/\" class=\"more-link\">Continuar a ler <span class=\"screen-reader-text\">&#8220;TERMOS E CONDI\u00c7\u00d5ES&#8221;<\/span><\/a><\/p>\n","protected":false},"author":1,"featured_media":0,"parent":0,"menu_order":0,"comment_status":"closed","ping_status":"closed","template":"","meta":{"footnotes":""},"class_list":["post-284","page","type-page","status-publish","hentry"],"_links":{"self":[{"href":"https:\/\/pedrarolada.com\/index.php\/wp-json\/wp\/v2\/pages\/284"}],"collection":[{"href":"https:\/\/pedrarolada.com\/index.php\/wp-json\/wp\/v2\/pages"}],"about":[{"href":"https:\/\/pedrarolada.com\/index.php\/wp-json\/wp\/v2\/types\/page"}],"author":[{"embeddable":true,"href":"https:\/\/pedrarolada.com\/index.php\/wp-json\/wp\/v2\/users\/1"}],"replies":[{"embeddable":true,"href":"https:\/\/pedrarolada.com\/index.php\/wp-json\/wp\/v2\/comments?post=284"}],"version-history":[{"count":1,"href":"https:\/\/pedrarolada.com\/index.php\/wp-json\/wp\/v2\/pages\/284\/revisions"}],"predecessor-version":[{"id":285,"href":"https:\/\/pedrarolada.com\/index.php\/wp-json\/wp\/v2\/pages\/284\/revisions\/285"}],"wp:attachment":[{"href":"https:\/\/pedrarolada.com\/index.php\/wp-json\/wp\/v2\/media?parent=284"}],"curies":[{"name":"wp","href":"https:\/\/api.w.org\/{rel}","templated":true}]}}