{"id":286,"date":"2018-05-21T17:47:19","date_gmt":"2018-05-21T16:47:19","guid":{"rendered":"https:\/\/pedrarolada.com\/?page_id=286"},"modified":"2018-05-21T17:47:19","modified_gmt":"2018-05-21T16:47:19","slug":"politica-de-privacidade","status":"publish","type":"page","link":"https:\/\/pedrarolada.com\/index.php\/politica-de-privacidade\/","title":{"rendered":"POL\u00cdTICA DE PRIVACIDADE"},"content":{"rendered":"<p>O Empreendimento Pedra Rolada est\u00e1 empenhado em garantir que sua privacidade esteja protegida e que cumpre com as suas obriga\u00e7\u00f5es ao abrigo da legisla\u00e7\u00e3o vigente em mat\u00e9ria de prote\u00e7\u00e3o de dados pessoais, nomeadamente, do Regulamento (EU) 2016\/679, do Parlamento Europeu e do Conselho de 27 de abril de 2016.<\/p>\n<p>A nossa Pol\u00edtica de Privacidade explica como iremos tratar qualquer informa\u00e7\u00e3o pessoal que nos fornecer quando utilizar este site. Tamb\u00e9m descreve como usamos cookies de internet e de algumas das medidas de seguran\u00e7a que tomamos para proteger a sua privacidade.<\/p>\n<h4>1. Qual \u00e9 a entidade respons\u00e1vel pela recolha dos dados?<\/h4>\n<p>Socimobil \u2013 Sociedade de Investimentos Imobili\u00e1rios, S.A., detentor da marca Empreendimento Pedra Rolada, \u00e9 o \u00fanico respons\u00e1vel pela recolha de dados pessoais efetuada no site.<\/p>\n<h4>2. Quais os dados s\u00e3o recolhidos e para que fins?<\/h4>\n<p>O Empreendimento Pedra Rolada apenas acede aos dados pessoais que o Utilizador introduzir no formul\u00e1rio de contacto do site (nome, telefone e email).<\/p>\n<p>Os dados em causa destinam-se exclusivamente a permitir ao\u00a0 Empreendimento Pedra Rolada o contacto para esclarecimento de d\u00favidas e informa\u00e7\u00f5es relativas ao empreendimento.<\/p>\n<h4>3. Qual \u00e9 a base jur\u00eddica para o tratamento?<\/h4>\n<p>O fundamento jur\u00eddico aplic\u00e1vel \u00e0 recolha e utiliza\u00e7\u00e3o dos seus dados pessoais para fins de contato \u00e9 o seu\u00a0consentimento dado com o envio dos dados ap\u00f3s o preenchimento do formul\u00e1rio.<\/p>\n<h4>4. Durante quanto tempo conservamos os dados?<\/h4>\n<p>Para as finalidades descritas nesta Politica de Privacidade (contacto para agendamento de visitas) os seus dados pessoais ir\u00e3o ser conservados at\u00e9 ao prazo m\u00e1ximo de 12 meses, contados a partir da data de recolha do seu consentimento e caso, dentro deste per\u00edodo, n\u00e3o tenha retirado o seu consentimento.<\/p>\n<h4>5. Quais os direitos dos utilizadores?<\/h4>\n<p>Os Utilizadores t\u00eam o direito de apresentar reclama\u00e7\u00e3o junto da autoridade de controlo.<\/p>\n<p>Sujeito a determinadas condi\u00e7\u00f5es, os utilizadores poder\u00e3o ter o direito a que:<\/p>\n<ul type=\"disc\">\n<li>lhe disponibilizemos informa\u00e7\u00e3o adicional sobre a utiliza\u00e7\u00e3o que fazemos dos seus dados pessoais;<\/li>\n<li>lhe facultemos uma c\u00f3pia dos dados pessoais que nos forneceu;<\/li>\n<li>forne\u00e7amos os dados pessoais que nos forneceu a outro respons\u00e1vel pelo tratamento;<\/li>\n<li>atualizemos quaisquer incorre\u00e7\u00f5es nos dados pessoais que conservamos;<\/li>\n<li>que apaguemos os dados pessoais caso retire o consentimento;<\/li>\n<li>em caso de reclama\u00e7\u00e3o, limitemos a forma como utilizamos os seus dados pessoais at\u00e9 que a mesma seja investigada.<\/li>\n<\/ul>\n<h4>6. Quem tem acesso aos dados pessoais do Utilizador?<\/h4>\n<p>O Empreendimento Pedra Rolada n\u00e3o divulga a terceiros quaisquer dados pessoais dos Utilizadores, sem o seu consentimento, exceto quando tal for exigido por lei.<\/p>\n<h4>7. O que s\u00e3o\u00a0cookies?<\/h4>\n<p>O Empreendimento Pedra Rolada usa cookies neste site.<\/p>\n<p>Um cookie \u00e9 um pequeno arquivo de texto que identifica o seu computador no nosso servidor. Os cookies em si n\u00e3o identificam o usu\u00e1rio individual, apenas o computador utilizado. Os cookies n\u00e3o s\u00e3o usados para recolher informa\u00e7\u00f5es pessoais. O utilizador tem, a qualquer momento, a possibilidade de configurar o seu computador para aceitar todos os cookies, para notific\u00e1-lo quando um cookie \u00e9 emitido ou para n\u00e3o receber quaisquer cookies. A forma como faz isso depende do navegador (web browser) que utiliza. Por favor, consulte a fun\u00e7\u00e3o &#8220;Ajuda&#8221; do seu navegador. Se aceitar cookies, eles podem permanecer no seu computador por muitos anos, a menos que os elimine. Por favor, note que desligar cookies pode limitar o uso de sites em geral.<\/p>\n<h4>8. Quais os cookies que utilizamos?<\/h4>\n<ul type=\"disc\">\n<li>PHPSESSID &#8211; Este cookie \u00e9 essencial e permite a nosso site responder a qualquer ac\u00e7\u00e3o que executa no site, tal como completar um formul\u00e1rio de inqu\u00e9rito. O site n\u00e3o funciona corretamente se este cookie n\u00e3o for usado.<\/li>\n<li>xms_user &#8211; Este cookie \u00e9 usado por utilizadores de backoffice. O site funciona corretamente se este cookie n\u00e3o for usado.<\/li>\n<li>__utma, __utmb, __utmc, __utmz &#8211; Cookies come\u00e7ando por &#8220;__utm&#8221; permitem a fun\u00e7\u00e3o do software de an\u00e1lise (analytics). Este software ajuda a analisar os nossos visitantes do site e fornecer informa\u00e7\u00f5es an\u00f3nimas, como navegadores utilizados, visitantes de retorno e de resposta \u00e0s atividades de marketing. Esta informa\u00e7\u00e3o ajuda-nos a melhorar o site e sua experi\u00eancia on-line.<\/li>\n<li>__atuvc &#8211; O cookie _atuvc \u00e9 criado e lido pelo JavaScript do site que permite a partilha de conte\u00fados em redes sociais &#8220;AddThis&#8221;<\/li>\n<li>GOOGLE MAPS SID, SAPISID, APISID, SSID, HSID, NID, PREF &#8211; Cookies usados pelo google para guardar as defini\u00e7\u00f5es usadas na cria\u00e7\u00e3o de google maps.<\/li>\n<\/ul>\n<h4>9. Como controlar os cookies?<\/h4>\n<p>Os navegadores da Web permitem exercer algum controle de cookies atrav\u00e9s das configura\u00e7\u00f5es do navegador. A maioria dos navegadores permitem bloquear cookies ou bloquear cookies de sites espec\u00edficos. Os Navegadores tamb\u00e9m podem ajud\u00e1-lo a apagar os cookies quando fecha o navegador. Deve observar no entanto, que isso pode significar que quaisquer opt-outs ou prefer\u00eancias definidas no site ser\u00e3o perdidos. Para saber mais sobre os cookies, incluindo a forma de ver como os cookies foram criados e como gerenciar e exclu\u00ed-los, visite\u00a0<a href=\"http:\/\/www.allaboutcookies.org\/\" target=\"_blank\" rel=\"noopener\">www.allaboutcookies.org<\/a>\u00a0que inclui informa\u00e7\u00f5es sobre como gerir as suas configura\u00e7\u00f5es para os v\u00e1rios fornecedores de navegadores.<\/p>\n<h4>10. O que \u00e9 o Google Analytics navegador opt-out?<\/h4>\n<p>Para fornecer aos visitantes mais escolha sobre como os seus dados s\u00e3o recolhidos pelo Google Analytics, o Google desenvolveu o Google Analytics Navegador Opt-out Add-on. O add-on comunica com o JavaScript do Google Analytics (ga.js) para indicar que as informa\u00e7\u00f5es sobre a visita do site n\u00e3o devem ser enviados para o Google Analytics. O Google Analytics Navegador Opt-out extra n\u00e3o impede que as informa\u00e7\u00f5es sejam enviadas para o site em si ou para outros servi\u00e7os da web analytics.<\/p>\n<h4>11. Altera\u00e7\u00f5es \u00e0 Politica de Privacidade<\/h4>\n<p>O Empreendimento Pedra Rolada reserva-se no direito de atualizar ou modificar a sua Pol\u00edtica de Privacidade a qualquer momento, nomeadamente, de forma a adapt\u00e1-la a altera\u00e7\u00f5es legislativas, sendo tais altera\u00e7\u00f5es publicadas no site.<\/p>\n<h4>12. Outras informa\u00e7\u00f5es<\/h4>\n<p>Os conte\u00fados dispon\u00edveis no site constituem informa\u00e7\u00f5es de car\u00e1cter geral ou opini\u00f5es individuais ou da empresa, n\u00e3o configurando a presta\u00e7\u00e3o oficial de qualquer servi\u00e7o.<\/p>\n<p>O Empreendimento Pedra Rolada exclui a sua responsabilidade por quaisquer danos que poder\u00e3o ocorrer relacionados com a informa\u00e7\u00e3o contida neste site que tem car\u00e1cter meramente informativo.<\/p>\n<p>O Empreendimento Pedra Rolada autoriza o descarregamento e armazenamento tempor\u00e1rio dos conte\u00fados deste site para efeitos de visionamento do mesmo num computador pessoal.<\/p>\n<p>A reprodu\u00e7\u00e3o, armazenamento permanente ou retransmiss\u00e3o dos conte\u00fados deste site s\u00e3o expressamente proibidos sem a autoriza\u00e7\u00e3o pr\u00e9via e por escrito do Empreendimento Pedra Rolada. Todos os conte\u00fados do site (nomeadamente textos, imagens, documentos em pdf) e respetivos direitos s\u00e3o da titularidade exclusiva do Empreendimento Pedra Rolada.<\/p>\n","protected":false},"excerpt":{"rendered":"<p>O Empreendimento Pedra Rolada est\u00e1 empenhado em garantir que sua privacidade esteja protegida e que cumpre com as suas obriga\u00e7\u00f5es ao abrigo da legisla\u00e7\u00e3o vigente em mat\u00e9ria de prote\u00e7\u00e3o de dados pessoais, nomeadamente, do Regulamento (EU) 2016\/679, do Parlamento Europeu e do Conselho de 27 de abril de 2016. A nossa Pol\u00edtica de Privacidade explica &hellip; <\/p>\n<p class=\"link-more\"><a href=\"https:\/\/pedrarolada.com\/index.php\/politica-de-privacidade\/\" class=\"more-link\">Continuar a ler <span class=\"screen-reader-text\">&#8220;POL\u00cdTICA DE PRIVACIDADE&#8221;<\/span><\/a><\/p>\n","protected":false},"author":1,"featured_media":0,"parent":0,"menu_order":0,"comment_status":"closed","ping_status":"closed","template":"","meta":{"footnotes":""},"class_list":["post-286","page","type-page","status-publish","hentry"],"_links":{"self":[{"href":"https:\/\/pedrarolada.com\/index.php\/wp-json\/wp\/v2\/pages\/286"}],"collection":[{"href":"https:\/\/pedrarolada.com\/index.php\/wp-json\/wp\/v2\/pages"}],"about":[{"href":"https:\/\/pedrarolada.com\/index.php\/wp-json\/wp\/v2\/types\/page"}],"author":[{"embeddable":true,"href":"https:\/\/pedrarolada.com\/index.php\/wp-json\/wp\/v2\/users\/1"}],"replies":[{"embeddable":true,"href":"https:\/\/pedrarolada.com\/index.php\/wp-json\/wp\/v2\/comments?post=286"}],"version-history":[{"count":1,"href":"https:\/\/pedrarolada.com\/index.php\/wp-json\/wp\/v2\/pages\/286\/revisions"}],"predecessor-version":[{"id":287,"href":"https:\/\/pedrarolada.com\/index.php\/wp-json\/wp\/v2\/pages\/286\/revisions\/287"}],"wp:attachment":[{"href":"https:\/\/pedrarolada.com\/index.php\/wp-json\/wp\/v2\/media?parent=286"}],"curies":[{"name":"wp","href":"https:\/\/api.w.org\/{rel}","templated":true}]}}