{"id":314,"date":"2018-05-23T17:05:28","date_gmt":"2018-05-23T16:05:28","guid":{"rendered":"https:\/\/pedrarolada.com\/?page_id=314"},"modified":"2018-05-23T17:13:55","modified_gmt":"2018-05-23T16:13:55","slug":"projecto","status":"publish","type":"page","link":"https:\/\/pedrarolada.com\/index.php\/projecto\/","title":{"rendered":"Projecto"},"content":{"rendered":"<h3><span style=\"font-weight: 400;\">PROJETADO POR UMA REFER\u00caNCIA NACIONAL DA ARQUITECTURA.<\/span><\/h3>\n<p><b>DESENHADO PARA SER UM\u00a0<\/b><b>MARCO E UMA NOVA CENTRALIDADE DO MINDELO.<\/b><\/p>\n<p>&nbsp;<\/p>\n<p><span style=\"font-weight: 400;\"><img loading=\"lazy\" decoding=\"async\" class=\"alignleft wp-image-276 size-thumbnail\" src=\"https:\/\/pedrarolada.com\/wp-content\/uploads\/2018\/05\/fernando_mauricio-150x150.jpg\" alt=\"\" width=\"150\" height=\"150\" srcset=\"https:\/\/pedrarolada.com\/wp-content\/uploads\/2018\/05\/fernando_mauricio-150x150.jpg 150w, https:\/\/pedrarolada.com\/wp-content\/uploads\/2018\/05\/fernando_mauricio-100x100.jpg 100w, https:\/\/pedrarolada.com\/wp-content\/uploads\/2018\/05\/fernando_mauricio.jpg 300w\" sizes=\"(max-width: 150px) 100vw, 150px\" \/>Desenvolvido sobre um conceito de excel\u00eancia, da autoria do arquitecto <strong>Fernando Maur\u00edcio dos Santos<\/strong>, vencedor do Pr\u00e9mio Nacional de Arquitectura, o empreendimento PEDRA ROLADA alia a localiza\u00e7\u00e3o privilegiada \u00e0 integra\u00e7\u00e3o da arquitectura e do design na natureza, tirando m\u00e1ximo proveito da paisagem e da magn\u00edfica vista sobre a cidade.<\/span><\/p>\n","protected":false},"excerpt":{"rendered":"<p>PROJETADO POR UMA REFER\u00caNCIA NACIONAL DA ARQUITECTURA. DESENHADO PARA SER UM\u00a0MARCO E UMA NOVA CENTRALIDADE DO MINDELO. &nbsp; Desenvolvido sobre um conceito de excel\u00eancia, da autoria do arquitecto Fernando Maur\u00edcio dos Santos, vencedor do Pr\u00e9mio Nacional de Arquitectura, o empreendimento PEDRA ROLADA alia a localiza\u00e7\u00e3o privilegiada \u00e0 integra\u00e7\u00e3o da arquitectura e do design na natureza, &hellip; <\/p>\n<p class=\"link-more\"><a href=\"https:\/\/pedrarolada.com\/index.php\/projecto\/\" class=\"more-link\">Continuar a ler <span class=\"screen-reader-text\">&#8220;Projecto&#8221;<\/span><\/a><\/p>\n","protected":false},"author":1,"featured_media":0,"parent":0,"menu_order":0,"comment_status":"closed","ping_status":"closed","template":"","meta":{"footnotes":""},"class_list":["post-314","page","type-page","status-publish","hentry"],"_links":{"self":[{"href":"https:\/\/pedrarolada.com\/index.php\/wp-json\/wp\/v2\/pages\/314"}],"collection":[{"href":"https:\/\/pedrarolada.com\/index.php\/wp-json\/wp\/v2\/pages"}],"about":[{"href":"https:\/\/pedrarolada.com\/index.php\/wp-json\/wp\/v2\/types\/page"}],"author":[{"embeddable":true,"href":"https:\/\/pedrarolada.com\/index.php\/wp-json\/wp\/v2\/users\/1"}],"replies":[{"embeddable":true,"href":"https:\/\/pedrarolada.com\/index.php\/wp-json\/wp\/v2\/comments?post=314"}],"version-history":[{"count":3,"href":"https:\/\/pedrarolada.com\/index.php\/wp-json\/wp\/v2\/pages\/314\/revisions"}],"predecessor-version":[{"id":321,"href":"https:\/\/pedrarolada.com\/index.php\/wp-json\/wp\/v2\/pages\/314\/revisions\/321"}],"wp:attachment":[{"href":"https:\/\/pedrarolada.com\/index.php\/wp-json\/wp\/v2\/media?parent=314"}],"curies":[{"name":"wp","href":"https:\/\/api.w.org\/{rel}","templated":true}]}}