{"id":332,"date":"2018-05-23T17:59:54","date_gmt":"2018-05-23T16:59:54","guid":{"rendered":"https:\/\/pedrarolada.com\/?page_id=332"},"modified":"2018-05-23T18:23:11","modified_gmt":"2018-05-23T17:23:11","slug":"hipermercado-e-lojas","status":"publish","type":"page","link":"https:\/\/pedrarolada.com\/index.php\/hipermercado-e-lojas\/","title":{"rendered":"Hipermercado e Lojas"},"content":{"rendered":"<p><span style=\"font-weight: 400;\"><strong>HIPERMERCADO<\/strong><br \/>\n<a href=\"https:\/\/pedrarolada.com\/wp-content\/uploads\/2018\/05\/shutterstock_374806111_low.jpg\" data-rel=\"lightbox-image-0\" data-rl_title=\"\" data-rl_caption=\"\" title=\"\"><img loading=\"lazy\" decoding=\"async\" class=\"wp-image-333 size-medium alignnone\" src=\"https:\/\/pedrarolada.com\/wp-content\/uploads\/2018\/05\/shutterstock_374806111_low-300x200.jpg\" alt=\"\" width=\"300\" height=\"200\" srcset=\"https:\/\/pedrarolada.com\/wp-content\/uploads\/2018\/05\/shutterstock_374806111_low-300x200.jpg 300w, https:\/\/pedrarolada.com\/wp-content\/uploads\/2018\/05\/shutterstock_374806111_low-768x512.jpg 768w, https:\/\/pedrarolada.com\/wp-content\/uploads\/2018\/05\/shutterstock_374806111_low-1024x682.jpg 1024w, https:\/\/pedrarolada.com\/wp-content\/uploads\/2018\/05\/shutterstock_374806111_low.jpg 2000w\" sizes=\"(max-width: 300px) 100vw, 300px\" \/><\/a> <a href=\"https:\/\/pedrarolada.com\/wp-content\/uploads\/2018\/05\/shutterstock_365425265_low.jpg\" data-rel=\"lightbox-image-1\" data-rl_title=\"\" data-rl_caption=\"\" title=\"\"><img loading=\"lazy\" decoding=\"async\" class=\"wp-image-334 size-medium alignnone\" src=\"https:\/\/pedrarolada.com\/wp-content\/uploads\/2018\/05\/shutterstock_365425265_low-300x169.jpg\" alt=\"\" width=\"300\" height=\"169\" srcset=\"https:\/\/pedrarolada.com\/wp-content\/uploads\/2018\/05\/shutterstock_365425265_low-300x169.jpg 300w, https:\/\/pedrarolada.com\/wp-content\/uploads\/2018\/05\/shutterstock_365425265_low-768x432.jpg 768w, https:\/\/pedrarolada.com\/wp-content\/uploads\/2018\/05\/shutterstock_365425265_low-1024x576.jpg 1024w, https:\/\/pedrarolada.com\/wp-content\/uploads\/2018\/05\/shutterstock_365425265_low.jpg 2000w\" sizes=\"(max-width: 300px) 100vw, 300px\" \/><\/a><br \/>\n<\/span><span style=\"font-weight: 400;\">O <strong>Pedra Rolada \u2013 Shopping Center<\/strong> na cidade do Mindelo representa <strong>a mais sofisticada \u00e1rea comercial de todo o Barlavento<\/strong>, sendo constitu\u00edda por um <strong>hipermercado totalmente novo<\/strong> com uma \u00e1rea bruta loc\u00e1vel superior a 3.000m2.<\/span><\/p>\n<p>&nbsp;<\/p>\n<p><span style=\"font-weight: 400;\"><strong>LOJAS<\/strong><\/span><\/p>\n<p><span style=\"font-weight: 400;\">O <strong>Pedra Rolada \u2013 Shopping Center<\/strong> desenvolve-se em<strong> 2 pisos<\/strong>, servidos por escadas rolantes e com um total de <strong>27 lojas<\/strong>, de diferentes sectores e para os mais variados servi\u00e7os (<strong>alimentar, perfumaria e cosm\u00e9tica, decora\u00e7\u00e3o, sa\u00fade, vestu\u00e1rio, restaura\u00e7\u00e3o, tecnol\u00f3gico, animal, relojoaria<\/strong>), capazes de satisfazer todas as necessidades do seus Clientes.<\/span><\/p>\n<p><span style=\"font-weight: 400;\"><a href=\"https:\/\/pedrarolada.com\/wp-content\/uploads\/2018\/05\/shutterstock_387399184_low.jpg\" data-rel=\"lightbox-image-2\" data-rl_title=\"\" data-rl_caption=\"\" title=\"\"><img loading=\"lazy\" decoding=\"async\" class=\"size-medium wp-image-336 alignleft\" src=\"https:\/\/pedrarolada.com\/wp-content\/uploads\/2018\/05\/shutterstock_387399184_low-300x200.jpg\" alt=\"\" width=\"300\" height=\"200\" srcset=\"https:\/\/pedrarolada.com\/wp-content\/uploads\/2018\/05\/shutterstock_387399184_low-300x200.jpg 300w, https:\/\/pedrarolada.com\/wp-content\/uploads\/2018\/05\/shutterstock_387399184_low-768x512.jpg 768w, https:\/\/pedrarolada.com\/wp-content\/uploads\/2018\/05\/shutterstock_387399184_low-1024x682.jpg 1024w, https:\/\/pedrarolada.com\/wp-content\/uploads\/2018\/05\/shutterstock_387399184_low.jpg 2000w\" sizes=\"(max-width: 300px) 100vw, 300px\" \/><\/a><\/span><\/p>\n<p><span style=\"font-weight: 400;\">Com uma <strong>\u00e1rea destinada \u00e0 restaura\u00e7\u00e3o<\/strong>, localizada no piso t\u00e9rreo, esta estende-se para at\u00e9 uma \u00e1rea de <strong>esplanadas exteriores localizadas na pra\u00e7a Pedra Rolada<\/strong>.<\/span><\/p>\n","protected":false},"excerpt":{"rendered":"<p>HIPERMERCADO O Pedra Rolada \u2013 Shopping Center na cidade do Mindelo representa a mais sofisticada \u00e1rea comercial de todo o Barlavento, sendo constitu\u00edda por um hipermercado totalmente novo com uma \u00e1rea bruta loc\u00e1vel superior a 3.000m2. &nbsp; LOJAS O Pedra Rolada \u2013 Shopping Center desenvolve-se em 2 pisos, servidos por escadas rolantes e com um &hellip; <\/p>\n<p class=\"link-more\"><a href=\"https:\/\/pedrarolada.com\/index.php\/hipermercado-e-lojas\/\" class=\"more-link\">Continuar a ler <span class=\"screen-reader-text\">&#8220;Hipermercado e Lojas&#8221;<\/span><\/a><\/p>\n","protected":false},"author":1,"featured_media":0,"parent":0,"menu_order":0,"comment_status":"closed","ping_status":"closed","template":"","meta":{"footnotes":""},"class_list":["post-332","page","type-page","status-publish","hentry"],"_links":{"self":[{"href":"https:\/\/pedrarolada.com\/index.php\/wp-json\/wp\/v2\/pages\/332"}],"collection":[{"href":"https:\/\/pedrarolada.com\/index.php\/wp-json\/wp\/v2\/pages"}],"about":[{"href":"https:\/\/pedrarolada.com\/index.php\/wp-json\/wp\/v2\/types\/page"}],"author":[{"embeddable":true,"href":"https:\/\/pedrarolada.com\/index.php\/wp-json\/wp\/v2\/users\/1"}],"replies":[{"embeddable":true,"href":"https:\/\/pedrarolada.com\/index.php\/wp-json\/wp\/v2\/comments?post=332"}],"version-history":[{"count":6,"href":"https:\/\/pedrarolada.com\/index.php\/wp-json\/wp\/v2\/pages\/332\/revisions"}],"predecessor-version":[{"id":357,"href":"https:\/\/pedrarolada.com\/index.php\/wp-json\/wp\/v2\/pages\/332\/revisions\/357"}],"wp:attachment":[{"href":"https:\/\/pedrarolada.com\/index.php\/wp-json\/wp\/v2\/media?parent=332"}],"curies":[{"name":"wp","href":"https:\/\/api.w.org\/{rel}","templated":true}]}}