{"id":340,"date":"2018-05-23T18:11:37","date_gmt":"2018-05-23T17:11:37","guid":{"rendered":"https:\/\/pedrarolada.com\/?page_id=340"},"modified":"2018-05-23T18:12:05","modified_gmt":"2018-05-23T17:12:05","slug":"escritorios","status":"publish","type":"page","link":"https:\/\/pedrarolada.com\/index.php\/escritorios\/","title":{"rendered":"Escrit\u00f3rios"},"content":{"rendered":"<p><span style=\"font-weight: 400;\">A dimens\u00e3o do <strong>empreendimento Pedra Rolada<\/strong> e a <strong>qualidade dos edif\u00edcios onde os escrit\u00f3rios<\/strong> est\u00e3o inseridos, oferecem \u00e0s empresas significativas <strong>economias nos custos de explora\u00e7\u00e3o<\/strong>, principalmente nos <strong>consumos energ\u00e9ticos<\/strong>, na <strong>seguran\u00e7a<\/strong>,<strong> limpeza e manuten\u00e7\u00e3o<\/strong>.<\/span><\/p>\n<p><span style=\"font-weight: 400;\">Por isso, a proposta do <strong>Pedra Rolada \u2013 Centro de escrit\u00f3rios<\/strong> inclui, al\u00e9m dos <strong>espa\u00e7os de escrit\u00f3rios<\/strong>, os <strong>servi\u00e7os de gest\u00e3o<\/strong>, <strong>manuten\u00e7\u00e3o e limpeza das instala\u00e7\u00f5es<\/strong>, a <strong>manuten\u00e7\u00e3o dos espa\u00e7os exteriores<\/strong>, <strong>seguran\u00e7a 24h\/dia<\/strong> todos os dias do ano, <strong>consumos de \u00e1gua e eletricidade<\/strong> e os <strong>consum\u00edveis do edif\u00edcio e do espa\u00e7o<\/strong>.<\/span><\/p>\n<p><a href=\"https:\/\/pedrarolada.com\/wp-content\/uploads\/2018\/05\/shutterstock_275789804_low.jpg\" data-rel=\"lightbox-image-0\" data-rl_title=\"\" data-rl_caption=\"\" title=\"\"><img loading=\"lazy\" decoding=\"async\" class=\"alignnone size-medium wp-image-341\" src=\"https:\/\/pedrarolada.com\/wp-content\/uploads\/2018\/05\/shutterstock_275789804_low-300x200.jpg\" alt=\"\" width=\"300\" height=\"200\" srcset=\"https:\/\/pedrarolada.com\/wp-content\/uploads\/2018\/05\/shutterstock_275789804_low-300x200.jpg 300w, https:\/\/pedrarolada.com\/wp-content\/uploads\/2018\/05\/shutterstock_275789804_low-768x512.jpg 768w, https:\/\/pedrarolada.com\/wp-content\/uploads\/2018\/05\/shutterstock_275789804_low-1024x682.jpg 1024w, https:\/\/pedrarolada.com\/wp-content\/uploads\/2018\/05\/shutterstock_275789804_low.jpg 2000w\" sizes=\"(max-width: 300px) 100vw, 300px\" \/><\/a><\/p>\n<p><strong>Inova\u00e7\u00e3o e flexibilidade<\/strong> \u2013 tecnologia ao servi\u00e7o do conforto e da produtividade para o seu neg\u00f3cio<\/p>\n","protected":false},"excerpt":{"rendered":"<p>A dimens\u00e3o do empreendimento Pedra Rolada e a qualidade dos edif\u00edcios onde os escrit\u00f3rios est\u00e3o inseridos, oferecem \u00e0s empresas significativas economias nos custos de explora\u00e7\u00e3o, principalmente nos consumos energ\u00e9ticos, na seguran\u00e7a, limpeza e manuten\u00e7\u00e3o. Por isso, a proposta do Pedra Rolada \u2013 Centro de escrit\u00f3rios inclui, al\u00e9m dos espa\u00e7os de escrit\u00f3rios, os servi\u00e7os de gest\u00e3o, &hellip; <\/p>\n<p class=\"link-more\"><a href=\"https:\/\/pedrarolada.com\/index.php\/escritorios\/\" class=\"more-link\">Continuar a ler <span class=\"screen-reader-text\">&#8220;Escrit\u00f3rios&#8221;<\/span><\/a><\/p>\n","protected":false},"author":1,"featured_media":0,"parent":0,"menu_order":0,"comment_status":"closed","ping_status":"closed","template":"","meta":{"footnotes":""},"class_list":["post-340","page","type-page","status-publish","hentry"],"_links":{"self":[{"href":"https:\/\/pedrarolada.com\/index.php\/wp-json\/wp\/v2\/pages\/340"}],"collection":[{"href":"https:\/\/pedrarolada.com\/index.php\/wp-json\/wp\/v2\/pages"}],"about":[{"href":"https:\/\/pedrarolada.com\/index.php\/wp-json\/wp\/v2\/types\/page"}],"author":[{"embeddable":true,"href":"https:\/\/pedrarolada.com\/index.php\/wp-json\/wp\/v2\/users\/1"}],"replies":[{"embeddable":true,"href":"https:\/\/pedrarolada.com\/index.php\/wp-json\/wp\/v2\/comments?post=340"}],"version-history":[{"count":2,"href":"https:\/\/pedrarolada.com\/index.php\/wp-json\/wp\/v2\/pages\/340\/revisions"}],"predecessor-version":[{"id":343,"href":"https:\/\/pedrarolada.com\/index.php\/wp-json\/wp\/v2\/pages\/340\/revisions\/343"}],"wp:attachment":[{"href":"https:\/\/pedrarolada.com\/index.php\/wp-json\/wp\/v2\/media?parent=340"}],"curies":[{"name":"wp","href":"https:\/\/api.w.org\/{rel}","templated":true}]}}