{"id":344,"date":"2018-05-23T18:13:36","date_gmt":"2018-05-23T17:13:36","guid":{"rendered":"https:\/\/pedrarolada.com\/?page_id=344"},"modified":"2018-05-23T18:22:13","modified_gmt":"2018-05-23T17:22:13","slug":"cine-teatro","status":"publish","type":"page","link":"https:\/\/pedrarolada.com\/index.php\/cine-teatro\/","title":{"rendered":"Cine-Teatro"},"content":{"rendered":"<p><span style=\"font-weight: 400;\"><a href=\"https:\/\/pedrarolada.com\/wp-content\/uploads\/2018\/05\/shutterstock_153377723_low.jpg\" data-rel=\"lightbox-image-0\" data-rl_title=\"\" data-rl_caption=\"\" title=\"\"><img loading=\"lazy\" decoding=\"async\" class=\"size-medium wp-image-345 alignleft\" src=\"https:\/\/pedrarolada.com\/wp-content\/uploads\/2018\/05\/shutterstock_153377723_low-300x200.jpg\" alt=\"\" width=\"300\" height=\"200\" srcset=\"https:\/\/pedrarolada.com\/wp-content\/uploads\/2018\/05\/shutterstock_153377723_low-300x200.jpg 300w, https:\/\/pedrarolada.com\/wp-content\/uploads\/2018\/05\/shutterstock_153377723_low-768x512.jpg 768w, https:\/\/pedrarolada.com\/wp-content\/uploads\/2018\/05\/shutterstock_153377723_low-1024x682.jpg 1024w, https:\/\/pedrarolada.com\/wp-content\/uploads\/2018\/05\/shutterstock_153377723_low.jpg 2000w\" sizes=\"(max-width: 300px) 100vw, 300px\" \/><\/a>O <strong>audit\u00f3rio<\/strong>, com <strong>168 lugares sentados<\/strong>, ter\u00e1 a capacidade para receber tamb\u00e9m <strong>cinema e teatro<\/strong>. Desenvolvendo-se em <strong>2 pisos<\/strong>, \u00e9 no piso t\u00e9rreo onde se situa o <strong><em>foyer<\/em> principal do audit\u00f3rio<\/strong>, constitu\u00eddo por um <strong>bar<\/strong> e uma <strong>sala de exposi\u00e7\u00e3o<\/strong>, e a<strong> entrada principal atrav\u00e9s da Pra\u00e7a Pedra Rolada<\/strong>.<\/span><\/p>\n","protected":false},"excerpt":{"rendered":"<p>O audit\u00f3rio, com 168 lugares sentados, ter\u00e1 a capacidade para receber tamb\u00e9m cinema e teatro. Desenvolvendo-se em 2 pisos, \u00e9 no piso t\u00e9rreo onde se situa o foyer principal do audit\u00f3rio, constitu\u00eddo por um bar e uma sala de exposi\u00e7\u00e3o, e a entrada principal atrav\u00e9s da Pra\u00e7a Pedra Rolada.<\/p>\n","protected":false},"author":1,"featured_media":0,"parent":0,"menu_order":0,"comment_status":"closed","ping_status":"closed","template":"","meta":{"footnotes":""},"class_list":["post-344","page","type-page","status-publish","hentry"],"_links":{"self":[{"href":"https:\/\/pedrarolada.com\/index.php\/wp-json\/wp\/v2\/pages\/344"}],"collection":[{"href":"https:\/\/pedrarolada.com\/index.php\/wp-json\/wp\/v2\/pages"}],"about":[{"href":"https:\/\/pedrarolada.com\/index.php\/wp-json\/wp\/v2\/types\/page"}],"author":[{"embeddable":true,"href":"https:\/\/pedrarolada.com\/index.php\/wp-json\/wp\/v2\/users\/1"}],"replies":[{"embeddable":true,"href":"https:\/\/pedrarolada.com\/index.php\/wp-json\/wp\/v2\/comments?post=344"}],"version-history":[{"count":2,"href":"https:\/\/pedrarolada.com\/index.php\/wp-json\/wp\/v2\/pages\/344\/revisions"}],"predecessor-version":[{"id":355,"href":"https:\/\/pedrarolada.com\/index.php\/wp-json\/wp\/v2\/pages\/344\/revisions\/355"}],"wp:attachment":[{"href":"https:\/\/pedrarolada.com\/index.php\/wp-json\/wp\/v2\/media?parent=344"}],"curies":[{"name":"wp","href":"https:\/\/api.w.org\/{rel}","templated":true}]}}