{"id":365,"date":"2018-05-23T18:31:15","date_gmt":"2018-05-23T17:31:15","guid":{"rendered":"https:\/\/pedrarolada.com\/?page_id=365"},"modified":"2018-05-23T18:31:15","modified_gmt":"2018-05-23T17:31:15","slug":"turismo","status":"publish","type":"page","link":"https:\/\/pedrarolada.com\/index.php\/turismo\/","title":{"rendered":"Turismo"},"content":{"rendered":"<p><span style=\"font-weight: 400;\">Da famosa <strong>praia da Lajinha<\/strong>, imortalizada pelo <strong>escritor Germano Almeida<\/strong> no seu romance <strong>\u201cO mar na Lajinha\u201d<\/strong>, passando pelas muitas praias espalhadas pela ilha que fazem as del\u00edcias dos turistas durante todo o ano! Desde a <strong>Praia de Calhau<\/strong>, <strong>Ba\u00eda<\/strong>, <strong>Salamansa<\/strong>, s\u00f3 para enumerar algumas, a escolha \u00e9 bem diversificada.<\/span><\/p>\n<figure id=\"attachment_360\" aria-describedby=\"caption-attachment-360\" style=\"width: 300px\" class=\"wp-caption alignnone\"><a href=\"https:\/\/pedrarolada.com\/wp-content\/uploads\/2018\/05\/shutterstock_492888616_low.jpg\" data-rel=\"lightbox-image-0\" data-rl_title=\"\" data-rl_caption=\"\" title=\"\"><img loading=\"lazy\" decoding=\"async\" class=\"size-medium wp-image-360\" src=\"https:\/\/pedrarolada.com\/wp-content\/uploads\/2018\/05\/shutterstock_492888616_low-300x199.jpg\" alt=\"\" width=\"300\" height=\"199\" srcset=\"https:\/\/pedrarolada.com\/wp-content\/uploads\/2018\/05\/shutterstock_492888616_low-300x199.jpg 300w, https:\/\/pedrarolada.com\/wp-content\/uploads\/2018\/05\/shutterstock_492888616_low-768x510.jpg 768w, https:\/\/pedrarolada.com\/wp-content\/uploads\/2018\/05\/shutterstock_492888616_low-1024x680.jpg 1024w, https:\/\/pedrarolada.com\/wp-content\/uploads\/2018\/05\/shutterstock_492888616_low.jpg 2000w\" sizes=\"(max-width: 300px) 100vw, 300px\" \/><\/a><figcaption id=\"caption-attachment-360\" class=\"wp-caption-text\">Praia da Lajinha<\/figcaption><\/figure>\n<figure id=\"attachment_361\" aria-describedby=\"caption-attachment-361\" style=\"width: 300px\" class=\"wp-caption alignnone\"><a href=\"https:\/\/pedrarolada.com\/wp-content\/uploads\/2018\/05\/shutterstock_756002104_low.jpg\" data-rel=\"lightbox-image-1\" data-rl_title=\"\" data-rl_caption=\"\" title=\"\"><img loading=\"lazy\" decoding=\"async\" class=\"size-medium wp-image-361\" src=\"https:\/\/pedrarolada.com\/wp-content\/uploads\/2018\/05\/shutterstock_756002104_low-300x200.jpg\" alt=\"\" width=\"300\" height=\"200\" srcset=\"https:\/\/pedrarolada.com\/wp-content\/uploads\/2018\/05\/shutterstock_756002104_low-300x200.jpg 300w, https:\/\/pedrarolada.com\/wp-content\/uploads\/2018\/05\/shutterstock_756002104_low-768x511.jpg 768w, https:\/\/pedrarolada.com\/wp-content\/uploads\/2018\/05\/shutterstock_756002104_low-1024x681.jpg 1024w, https:\/\/pedrarolada.com\/wp-content\/uploads\/2018\/05\/shutterstock_756002104_low.jpg 2000w\" sizes=\"(max-width: 300px) 100vw, 300px\" \/><\/a><figcaption id=\"caption-attachment-361\" class=\"wp-caption-text\">Praia do Norte<\/figcaption><\/figure>\n<figure id=\"attachment_362\" aria-describedby=\"caption-attachment-362\" style=\"width: 300px\" class=\"wp-caption alignnone\"><a href=\"https:\/\/pedrarolada.com\/wp-content\/uploads\/2018\/05\/shutterstock_173610278_low.jpg\" data-rel=\"lightbox-image-2\" data-rl_title=\"\" data-rl_caption=\"\" title=\"\"><img loading=\"lazy\" decoding=\"async\" class=\"size-medium wp-image-362\" src=\"https:\/\/pedrarolada.com\/wp-content\/uploads\/2018\/05\/shutterstock_173610278_low-300x150.jpg\" alt=\"\" width=\"300\" height=\"150\" srcset=\"https:\/\/pedrarolada.com\/wp-content\/uploads\/2018\/05\/shutterstock_173610278_low-300x150.jpg 300w, https:\/\/pedrarolada.com\/wp-content\/uploads\/2018\/05\/shutterstock_173610278_low-768x383.jpg 768w, https:\/\/pedrarolada.com\/wp-content\/uploads\/2018\/05\/shutterstock_173610278_low-1024x511.jpg 1024w, https:\/\/pedrarolada.com\/wp-content\/uploads\/2018\/05\/shutterstock_173610278_low.jpg 2000w\" sizes=\"(max-width: 300px) 100vw, 300px\" \/><\/a><figcaption id=\"caption-attachment-362\" class=\"wp-caption-text\">Praia de S. Pedro<\/figcaption><\/figure>\n<p>&nbsp;<\/p>\n","protected":false},"excerpt":{"rendered":"<p>Da famosa praia da Lajinha, imortalizada pelo escritor Germano Almeida no seu romance \u201cO mar na Lajinha\u201d, passando pelas muitas praias espalhadas pela ilha que fazem as del\u00edcias dos turistas durante todo o ano! Desde a Praia de Calhau, Ba\u00eda, Salamansa, s\u00f3 para enumerar algumas, a escolha \u00e9 bem diversificada. &nbsp;<\/p>\n","protected":false},"author":1,"featured_media":0,"parent":0,"menu_order":0,"comment_status":"closed","ping_status":"closed","template":"","meta":{"footnotes":""},"class_list":["post-365","page","type-page","status-publish","hentry"],"_links":{"self":[{"href":"https:\/\/pedrarolada.com\/index.php\/wp-json\/wp\/v2\/pages\/365"}],"collection":[{"href":"https:\/\/pedrarolada.com\/index.php\/wp-json\/wp\/v2\/pages"}],"about":[{"href":"https:\/\/pedrarolada.com\/index.php\/wp-json\/wp\/v2\/types\/page"}],"author":[{"embeddable":true,"href":"https:\/\/pedrarolada.com\/index.php\/wp-json\/wp\/v2\/users\/1"}],"replies":[{"embeddable":true,"href":"https:\/\/pedrarolada.com\/index.php\/wp-json\/wp\/v2\/comments?post=365"}],"version-history":[{"count":1,"href":"https:\/\/pedrarolada.com\/index.php\/wp-json\/wp\/v2\/pages\/365\/revisions"}],"predecessor-version":[{"id":366,"href":"https:\/\/pedrarolada.com\/index.php\/wp-json\/wp\/v2\/pages\/365\/revisions\/366"}],"wp:attachment":[{"href":"https:\/\/pedrarolada.com\/index.php\/wp-json\/wp\/v2\/media?parent=365"}],"curies":[{"name":"wp","href":"https:\/\/api.w.org\/{rel}","templated":true}]}}