{"id":371,"date":"2018-05-23T18:32:48","date_gmt":"2018-05-23T17:32:48","guid":{"rendered":"https:\/\/pedrarolada.com\/?page_id=371"},"modified":"2018-05-23T18:32:48","modified_gmt":"2018-05-23T17:32:48","slug":"patrimonio","status":"publish","type":"page","link":"https:\/\/pedrarolada.com\/index.php\/patrimonio\/","title":{"rendered":"Patrim\u00f3nio"},"content":{"rendered":"<p><span style=\"font-weight: 400;\">Numa cidade recheada de <strong>encantos paisag\u00edsticos<\/strong> e <strong>hist\u00f3ria<\/strong>, destaca-se, por exemplo, o <strong>Pal\u00e1cio do Povo<\/strong>, a <strong>avenida marginal<\/strong>, a <strong>pra\u00e7a nova<\/strong>, o <strong>liceu<\/strong> ou ainda a <strong>Torre<\/strong>.<\/span><\/p>\n<p>&nbsp;<\/p>\n<figure id=\"attachment_358\" aria-describedby=\"caption-attachment-358\" style=\"width: 300px\" class=\"wp-caption alignnone\"><a href=\"https:\/\/pedrarolada.com\/wp-content\/uploads\/2018\/05\/shutterstock_771678430_low.jpg\" data-rel=\"lightbox-image-0\" data-rl_title=\"\" data-rl_caption=\"\" title=\"\"><img loading=\"lazy\" decoding=\"async\" class=\"size-medium wp-image-358\" src=\"https:\/\/pedrarolada.com\/wp-content\/uploads\/2018\/05\/shutterstock_771678430_low-300x200.jpg\" alt=\"\" width=\"300\" height=\"200\" srcset=\"https:\/\/pedrarolada.com\/wp-content\/uploads\/2018\/05\/shutterstock_771678430_low-300x200.jpg 300w, https:\/\/pedrarolada.com\/wp-content\/uploads\/2018\/05\/shutterstock_771678430_low-768x512.jpg 768w, https:\/\/pedrarolada.com\/wp-content\/uploads\/2018\/05\/shutterstock_771678430_low-1024x682.jpg 1024w, https:\/\/pedrarolada.com\/wp-content\/uploads\/2018\/05\/shutterstock_771678430_low.jpg 2000w\" sizes=\"(max-width: 300px) 100vw, 300px\" \/><\/a><figcaption id=\"caption-attachment-358\" class=\"wp-caption-text\">Pal\u00e1cio do Povo<\/figcaption><\/figure>\n<p>&nbsp;<\/p>\n<figure id=\"attachment_359\" aria-describedby=\"caption-attachment-359\" style=\"width: 300px\" class=\"wp-caption alignnone\"><a href=\"https:\/\/pedrarolada.com\/wp-content\/uploads\/2018\/05\/shutterstock_1011761287_low.jpg\" data-rel=\"lightbox-image-1\" data-rl_title=\"\" data-rl_caption=\"\" title=\"\"><img loading=\"lazy\" decoding=\"async\" class=\"size-medium wp-image-359\" src=\"https:\/\/pedrarolada.com\/wp-content\/uploads\/2018\/05\/shutterstock_1011761287_low-300x200.jpg\" alt=\"\" width=\"300\" height=\"200\" srcset=\"https:\/\/pedrarolada.com\/wp-content\/uploads\/2018\/05\/shutterstock_1011761287_low-300x200.jpg 300w, https:\/\/pedrarolada.com\/wp-content\/uploads\/2018\/05\/shutterstock_1011761287_low-768x512.jpg 768w, https:\/\/pedrarolada.com\/wp-content\/uploads\/2018\/05\/shutterstock_1011761287_low-1024x682.jpg 1024w, https:\/\/pedrarolada.com\/wp-content\/uploads\/2018\/05\/shutterstock_1011761287_low.jpg 2000w\" sizes=\"(max-width: 300px) 100vw, 300px\" \/><\/a><figcaption id=\"caption-attachment-359\" class=\"wp-caption-text\">Liceu Velho<\/figcaption><\/figure>\n<p>&nbsp;<\/p>\n","protected":false},"excerpt":{"rendered":"<p>Numa cidade recheada de encantos paisag\u00edsticos e hist\u00f3ria, destaca-se, por exemplo, o Pal\u00e1cio do Povo, a avenida marginal, a pra\u00e7a nova, o liceu ou ainda a Torre. &nbsp; &nbsp; &nbsp;<\/p>\n","protected":false},"author":1,"featured_media":0,"parent":0,"menu_order":0,"comment_status":"closed","ping_status":"closed","template":"","meta":{"footnotes":""},"class_list":["post-371","page","type-page","status-publish","hentry"],"_links":{"self":[{"href":"https:\/\/pedrarolada.com\/index.php\/wp-json\/wp\/v2\/pages\/371"}],"collection":[{"href":"https:\/\/pedrarolada.com\/index.php\/wp-json\/wp\/v2\/pages"}],"about":[{"href":"https:\/\/pedrarolada.com\/index.php\/wp-json\/wp\/v2\/types\/page"}],"author":[{"embeddable":true,"href":"https:\/\/pedrarolada.com\/index.php\/wp-json\/wp\/v2\/users\/1"}],"replies":[{"embeddable":true,"href":"https:\/\/pedrarolada.com\/index.php\/wp-json\/wp\/v2\/comments?post=371"}],"version-history":[{"count":1,"href":"https:\/\/pedrarolada.com\/index.php\/wp-json\/wp\/v2\/pages\/371\/revisions"}],"predecessor-version":[{"id":372,"href":"https:\/\/pedrarolada.com\/index.php\/wp-json\/wp\/v2\/pages\/371\/revisions\/372"}],"wp:attachment":[{"href":"https:\/\/pedrarolada.com\/index.php\/wp-json\/wp\/v2\/media?parent=371"}],"curies":[{"name":"wp","href":"https:\/\/api.w.org\/{rel}","templated":true}]}}