{"id":373,"date":"2018-05-23T18:38:35","date_gmt":"2018-05-23T17:38:35","guid":{"rendered":"https:\/\/pedrarolada.com\/?page_id=373"},"modified":"2018-05-23T18:39:11","modified_gmt":"2018-05-23T17:39:11","slug":"acessibilidades","status":"publish","type":"page","link":"https:\/\/pedrarolada.com\/index.php\/acessibilidades\/","title":{"rendered":"Acessibilidades"},"content":{"rendered":"<p><span style=\"font-weight: 400;\"><strong>Aeroporto Internacional Ces\u00e1ria \u00c9vora<\/strong><a href=\"https:\/\/pedrarolada.com\/wp-content\/uploads\/2018\/05\/cesariaevoraaeroporto_01.jpg\" data-rel=\"lightbox-image-0\" data-rl_title=\"\" data-rl_caption=\"\" title=\"\"><img loading=\"lazy\" decoding=\"async\" class=\"alignnone size-medium wp-image-374\" src=\"https:\/\/pedrarolada.com\/wp-content\/uploads\/2018\/05\/cesariaevoraaeroporto_01-300x134.jpg\" alt=\"\" width=\"300\" height=\"134\" srcset=\"https:\/\/pedrarolada.com\/wp-content\/uploads\/2018\/05\/cesariaevoraaeroporto_01-300x134.jpg 300w, https:\/\/pedrarolada.com\/wp-content\/uploads\/2018\/05\/cesariaevoraaeroporto_01-768x344.jpg 768w, https:\/\/pedrarolada.com\/wp-content\/uploads\/2018\/05\/cesariaevoraaeroporto_01.jpg 1000w\" sizes=\"(max-width: 300px) 100vw, 300px\" \/><\/a> <a href=\"https:\/\/pedrarolada.com\/wp-content\/uploads\/2018\/05\/Aeroporto-Cesaria-Noite.jpg\" data-rel=\"lightbox-image-1\" data-rl_title=\"\" data-rl_caption=\"\" title=\"\"><img loading=\"lazy\" decoding=\"async\" class=\"alignnone size-medium wp-image-375\" src=\"https:\/\/pedrarolada.com\/wp-content\/uploads\/2018\/05\/Aeroporto-Cesaria-Noite-300x150.jpg\" alt=\"\" width=\"300\" height=\"150\" srcset=\"https:\/\/pedrarolada.com\/wp-content\/uploads\/2018\/05\/Aeroporto-Cesaria-Noite-300x150.jpg 300w, https:\/\/pedrarolada.com\/wp-content\/uploads\/2018\/05\/Aeroporto-Cesaria-Noite-768x384.jpg 768w, https:\/\/pedrarolada.com\/wp-content\/uploads\/2018\/05\/Aeroporto-Cesaria-Noite-1024x512.jpg 1024w, https:\/\/pedrarolada.com\/wp-content\/uploads\/2018\/05\/Aeroporto-Cesaria-Noite.jpg 1200w\" sizes=\"(max-width: 300px) 100vw, 300px\" \/><\/a><\/span><\/p>\n<p><strong>Terminal Internacional de Cruzeiros<br \/>\n<\/strong><strong><a href=\"https:\/\/pedrarolada.com\/wp-content\/uploads\/2018\/05\/terminal-turismo.jpg\" data-rel=\"lightbox-image-2\" data-rl_title=\"\" data-rl_caption=\"\" title=\"\"><img loading=\"lazy\" decoding=\"async\" class=\"alignnone size-medium wp-image-376\" src=\"https:\/\/pedrarolada.com\/wp-content\/uploads\/2018\/05\/terminal-turismo-300x150.jpg\" alt=\"\" width=\"300\" height=\"150\" srcset=\"https:\/\/pedrarolada.com\/wp-content\/uploads\/2018\/05\/terminal-turismo-300x150.jpg 300w, https:\/\/pedrarolada.com\/wp-content\/uploads\/2018\/05\/terminal-turismo-768x384.jpg 768w, https:\/\/pedrarolada.com\/wp-content\/uploads\/2018\/05\/terminal-turismo-1024x512.jpg 1024w\" sizes=\"(max-width: 300px) 100vw, 300px\" \/><\/a><a href=\"https:\/\/pedrarolada.com\/wp-content\/uploads\/2018\/05\/Screen-Shot-2018-05-23-at-18.38.05.png\" data-rel=\"lightbox-image-3\" data-rl_title=\"\" data-rl_caption=\"\" title=\"\"><img loading=\"lazy\" decoding=\"async\" class=\"alignnone size-medium wp-image-377\" src=\"https:\/\/pedrarolada.com\/wp-content\/uploads\/2018\/05\/Screen-Shot-2018-05-23-at-18.38.05-300x121.png\" alt=\"\" width=\"300\" height=\"121\" srcset=\"https:\/\/pedrarolada.com\/wp-content\/uploads\/2018\/05\/Screen-Shot-2018-05-23-at-18.38.05-300x121.png 300w, https:\/\/pedrarolada.com\/wp-content\/uploads\/2018\/05\/Screen-Shot-2018-05-23-at-18.38.05-768x309.png 768w, https:\/\/pedrarolada.com\/wp-content\/uploads\/2018\/05\/Screen-Shot-2018-05-23-at-18.38.05.png 832w\" sizes=\"(max-width: 300px) 100vw, 300px\" \/><\/p>\n<p><\/a><\/strong><\/p>\n<p><span style=\"font-weight: 400;\">O <strong>empreendimento Pedra Rolada<\/strong> torna-se, assim, o <strong>local ideal para viver<\/strong>, integrando v\u00e1rias val\u00eancias de <strong>qualidade, conforto e localiza\u00e7\u00e3o<\/strong>, numa <strong>cidade do Mindelo<\/strong> que oferece um <strong>cen\u00e1rio cultural e tur\u00edstico \u00fanico<\/strong>, rico em <strong>Hist\u00f3ria e encantos paisag\u00edsticos<\/strong>.<\/span><\/p>\n<p>&nbsp;<\/p>\n","protected":false},"excerpt":{"rendered":"<p>Aeroporto Internacional Ces\u00e1ria \u00c9vora Terminal Internacional de Cruzeiros O empreendimento Pedra Rolada torna-se, assim, o local ideal para viver, integrando v\u00e1rias val\u00eancias de qualidade, conforto e localiza\u00e7\u00e3o, numa cidade do Mindelo que oferece um cen\u00e1rio cultural e tur\u00edstico \u00fanico, rico em Hist\u00f3ria e encantos paisag\u00edsticos. &nbsp;<\/p>\n","protected":false},"author":1,"featured_media":0,"parent":0,"menu_order":0,"comment_status":"closed","ping_status":"closed","template":"","meta":{"footnotes":""},"class_list":["post-373","page","type-page","status-publish","hentry"],"_links":{"self":[{"href":"https:\/\/pedrarolada.com\/index.php\/wp-json\/wp\/v2\/pages\/373"}],"collection":[{"href":"https:\/\/pedrarolada.com\/index.php\/wp-json\/wp\/v2\/pages"}],"about":[{"href":"https:\/\/pedrarolada.com\/index.php\/wp-json\/wp\/v2\/types\/page"}],"author":[{"embeddable":true,"href":"https:\/\/pedrarolada.com\/index.php\/wp-json\/wp\/v2\/users\/1"}],"replies":[{"embeddable":true,"href":"https:\/\/pedrarolada.com\/index.php\/wp-json\/wp\/v2\/comments?post=373"}],"version-history":[{"count":2,"href":"https:\/\/pedrarolada.com\/index.php\/wp-json\/wp\/v2\/pages\/373\/revisions"}],"predecessor-version":[{"id":379,"href":"https:\/\/pedrarolada.com\/index.php\/wp-json\/wp\/v2\/pages\/373\/revisions\/379"}],"wp:attachment":[{"href":"https:\/\/pedrarolada.com\/index.php\/wp-json\/wp\/v2\/media?parent=373"}],"curies":[{"name":"wp","href":"https:\/\/api.w.org\/{rel}","templated":true}]}}