{"id":55,"date":"2018-05-15T01:21:45","date_gmt":"2018-05-15T00:21:45","guid":{"rendered":"https:\/\/pedrarolada.com\/?page_id=55"},"modified":"2018-05-23T18:44:13","modified_gmt":"2018-05-23T17:44:13","slug":"localizacao","status":"publish","type":"page","link":"https:\/\/pedrarolada.com\/index.php\/localizacao\/","title":{"rendered":"Localiza\u00e7\u00e3o"},"content":{"rendered":"<p><strong>COM UM OLHO\u00a0<\/strong><strong>NA BA\u00cdA DO MINDELO<\/strong><br \/>\n<strong>E UM P\u00c9 NO\u00a0<\/strong><strong>CENTRO DA CIDADE<\/strong><\/p>\n<p>Na<strong> principal avenida<\/strong> e a um pequeno passo do <strong>centro do Mindelo<\/strong>, \u00e9<br \/>\nexactamente aqui que o seu cora\u00e7\u00e3o vai ficar. Abra a varanda,<br \/>\ndisfrute da <strong>vista sobre a ba\u00eda<\/strong> e deixe entrar o resplandecente sol do<br \/>\nMindelo. Saia de casa e parta \u00e0 descoberta de uma cidade que tem<br \/>\ntanto para lhe oferecer como surpreender.<\/p>\n<p><a href=\"https:\/\/goo.gl\/maps\/wXfuVAb2pGv\" target=\"_blank\" rel=\"noopener\"><img loading=\"lazy\" decoding=\"async\" class=\"alignleft wp-image-221 size-full\" src=\"https:\/\/pedrarolada.com\/wp-content\/uploads\/2018\/05\/Screen-Shot-2018-05-17-at-17.18.17.png\" alt=\"\" width=\"647\" height=\"252\" srcset=\"https:\/\/pedrarolada.com\/wp-content\/uploads\/2018\/05\/Screen-Shot-2018-05-17-at-17.18.17.png 647w, https:\/\/pedrarolada.com\/wp-content\/uploads\/2018\/05\/Screen-Shot-2018-05-17-at-17.18.17-300x117.png 300w\" sizes=\"(max-width: 647px) 100vw, 647px\" \/><\/a><\/p>\n","protected":false},"excerpt":{"rendered":"<p>COM UM OLHO\u00a0NA BA\u00cdA DO MINDELO E UM P\u00c9 NO\u00a0CENTRO DA CIDADE Na principal avenida e a um pequeno passo do centro do Mindelo, \u00e9 exactamente aqui que o seu cora\u00e7\u00e3o vai ficar. Abra a varanda, disfrute da vista sobre a ba\u00eda e deixe entrar o resplandecente sol do Mindelo. Saia de casa e parta &hellip; <\/p>\n<p class=\"link-more\"><a href=\"https:\/\/pedrarolada.com\/index.php\/localizacao\/\" class=\"more-link\">Continuar a ler <span class=\"screen-reader-text\">&#8220;Localiza\u00e7\u00e3o&#8221;<\/span><\/a><\/p>\n","protected":false},"author":1,"featured_media":219,"parent":0,"menu_order":5,"comment_status":"closed","ping_status":"closed","template":"","meta":{"footnotes":""},"class_list":["post-55","page","type-page","status-publish","has-post-thumbnail","hentry"],"_links":{"self":[{"href":"https:\/\/pedrarolada.com\/index.php\/wp-json\/wp\/v2\/pages\/55"}],"collection":[{"href":"https:\/\/pedrarolada.com\/index.php\/wp-json\/wp\/v2\/pages"}],"about":[{"href":"https:\/\/pedrarolada.com\/index.php\/wp-json\/wp\/v2\/types\/page"}],"author":[{"embeddable":true,"href":"https:\/\/pedrarolada.com\/index.php\/wp-json\/wp\/v2\/users\/1"}],"replies":[{"embeddable":true,"href":"https:\/\/pedrarolada.com\/index.php\/wp-json\/wp\/v2\/comments?post=55"}],"version-history":[{"count":13,"href":"https:\/\/pedrarolada.com\/index.php\/wp-json\/wp\/v2\/pages\/55\/revisions"}],"predecessor-version":[{"id":386,"href":"https:\/\/pedrarolada.com\/index.php\/wp-json\/wp\/v2\/pages\/55\/revisions\/386"}],"wp:featuredmedia":[{"embeddable":true,"href":"https:\/\/pedrarolada.com\/index.php\/wp-json\/wp\/v2\/media\/219"}],"wp:attachment":[{"href":"https:\/\/pedrarolada.com\/index.php\/wp-json\/wp\/v2\/media?parent=55"}],"curies":[{"name":"wp","href":"https:\/\/api.w.org\/{rel}","templated":true}]}}