{"id":56,"date":"2018-05-15T01:21:45","date_gmt":"2018-05-15T00:21:45","guid":{"rendered":"https:\/\/pedrarolada.com\/?page_id=56"},"modified":"2018-05-23T17:23:30","modified_gmt":"2018-05-23T16:23:30","slug":"apartamentos","status":"publish","type":"page","link":"https:\/\/pedrarolada.com\/index.php\/apartamentos\/","title":{"rendered":"Apartamentos"},"content":{"rendered":"<p><a href=\"https:\/\/pedrarolada.com\/wp-content\/uploads\/2018\/05\/shutterstock_1065564449_low.jpg\" data-rel=\"lightbox-image-0\" data-rl_title=\"\" data-rl_caption=\"\" title=\"\"><img loading=\"lazy\" decoding=\"async\" class=\"alignnone size-large wp-image-323\" src=\"https:\/\/pedrarolada.com\/wp-content\/uploads\/2018\/05\/shutterstock_1065564449_low-1024x789.jpg\" alt=\"\" width=\"525\" height=\"405\" srcset=\"https:\/\/pedrarolada.com\/wp-content\/uploads\/2018\/05\/shutterstock_1065564449_low-1024x789.jpg 1024w, https:\/\/pedrarolada.com\/wp-content\/uploads\/2018\/05\/shutterstock_1065564449_low-300x231.jpg 300w, https:\/\/pedrarolada.com\/wp-content\/uploads\/2018\/05\/shutterstock_1065564449_low-768x592.jpg 768w, https:\/\/pedrarolada.com\/wp-content\/uploads\/2018\/05\/shutterstock_1065564449_low.jpg 2000w\" sizes=\"(max-width: 525px) 100vw, 525px\" \/><\/a><\/p>\n<p>No Empreendimento <strong>Pedra Rolada<\/strong>, os <strong>192 apartamentos\u00a0<\/strong>s\u00e3o criteriosamente implantados para m\u00e1ximo proveito do espa\u00e7o e conforto.<br \/>\nCom <strong>tipologias a partir de T2<\/strong>, estes apartamentos oferecem todas as <strong>comodidades da cidade<\/strong> numa atmosfera<strong> rodeada pela natureza<\/strong> e pelas <strong>deslumbrantes\u00a0<\/strong><strong>vistas sobre a cidade e ba\u00eda do Mindelo<\/strong>.<\/p>\n<p>Os apartamentos distinguem-se pela contemporaneidade arquitect\u00f3nica e de design, pela <strong>excel\u00eancia construtiva<\/strong> e pelo\u00a0<strong>elevado n\u00edvel de acabamentos<\/strong>, envolvidos pelo mais sofisticado luxo, em ambiente de\u00a0<strong>exclusividade<\/strong>,\u00a0<strong>conforto<\/strong> e <strong>seguran\u00e7a<\/strong>.<\/p>\n<div class=\"mceTemp\"><a href=\"https:\/\/pedrarolada.com\/index.php\/plantas-t2-t3-t4\/\"><strong>\u00a0PLANTAS T2 | T3 | T4<\/strong><\/a><\/div>\n<p><strong><br \/>\n<a href=\"https:\/\/pedrarolada.com\/index.php\/apartamentos\/mapa-de-acabamentos\/\">MAPA DE ACABAMENTOS<\/a><\/strong><\/p>\n","protected":false},"excerpt":{"rendered":"<p>No Empreendimento Pedra Rolada, os 192 apartamentos\u00a0s\u00e3o criteriosamente implantados para m\u00e1ximo proveito do espa\u00e7o e conforto. Com tipologias a partir de T2, estes apartamentos oferecem todas as comodidades da cidade numa atmosfera rodeada pela natureza e pelas deslumbrantes\u00a0vistas sobre a cidade e ba\u00eda do Mindelo. Os apartamentos distinguem-se pela contemporaneidade arquitect\u00f3nica e de design, pela &hellip; <\/p>\n<p class=\"link-more\"><a href=\"https:\/\/pedrarolada.com\/index.php\/apartamentos\/\" class=\"more-link\">Continuar a ler <span class=\"screen-reader-text\">&#8220;Apartamentos&#8221;<\/span><\/a><\/p>\n","protected":false},"author":1,"featured_media":162,"parent":0,"menu_order":2,"comment_status":"closed","ping_status":"closed","template":"","meta":{"footnotes":""},"class_list":["post-56","page","type-page","status-publish","has-post-thumbnail","hentry"],"_links":{"self":[{"href":"https:\/\/pedrarolada.com\/index.php\/wp-json\/wp\/v2\/pages\/56"}],"collection":[{"href":"https:\/\/pedrarolada.com\/index.php\/wp-json\/wp\/v2\/pages"}],"about":[{"href":"https:\/\/pedrarolada.com\/index.php\/wp-json\/wp\/v2\/types\/page"}],"author":[{"embeddable":true,"href":"https:\/\/pedrarolada.com\/index.php\/wp-json\/wp\/v2\/users\/1"}],"replies":[{"embeddable":true,"href":"https:\/\/pedrarolada.com\/index.php\/wp-json\/wp\/v2\/comments?post=56"}],"version-history":[{"count":29,"href":"https:\/\/pedrarolada.com\/index.php\/wp-json\/wp\/v2\/pages\/56\/revisions"}],"predecessor-version":[{"id":328,"href":"https:\/\/pedrarolada.com\/index.php\/wp-json\/wp\/v2\/pages\/56\/revisions\/328"}],"wp:featuredmedia":[{"embeddable":true,"href":"https:\/\/pedrarolada.com\/index.php\/wp-json\/wp\/v2\/media\/162"}],"wp:attachment":[{"href":"https:\/\/pedrarolada.com\/index.php\/wp-json\/wp\/v2\/media?parent=56"}],"curies":[{"name":"wp","href":"https:\/\/api.w.org\/{rel}","templated":true}]}}